{"id":2,"date":"2020-04-11T17:34:30","date_gmt":"2020-04-11T17:34:30","guid":{"rendered":"https:\/\/http:\/\/www.perustn.com\/es\/?page_id=2"},"modified":"2025-08-19T22:51:44","modified_gmt":"2025-08-19T22:51:44","slug":"pagina-de-ejemplo","status":"publish","type":"page","link":"https:\/\/www.perustn.com\/es\/","title":{"rendered":"Obt\u00e9n tu colecci\u00f3n a tiempo"},"content":{"rendered":"\n<div style=\"height:57px\" aria-hidden=\"true\" class=\"wp-block-spacer\"><\/div>\n\n\n\n<h3 class=\"wp-block-heading\"><strong>Especialistas en full package<\/strong><\/h3>\n\n\n\n<p>Ofrecemos soluciones para marcas globales de ropa y moda. Nos articulamos con una red flexible de proveedores para garantizar que tu colecci\u00f3n llegue a tiempo<\/p>\n\n\n\n<p>Nuestro equipo de expertos lo guiar\u00e1 a lo largo del dise\u00f1o de la prenda, la selecci\u00f3n de materiales y el proceso de fabricaci\u00f3n para optimizar sus decisiones y lograr precios competitivos<\/p>\n\n\n<p><!--EndFragment--><\/p>\n<p><\/p>","protected":false},"excerpt":{"rendered":"<p>Especialistas en full package Ofrecemos soluciones para marcas globales de ropa y moda. Nos articulamos<\/p>\n","protected":false},"author":1,"featured_media":317,"parent":0,"menu_order":0,"comment_status":"closed","ping_status":"open","template":"","meta":{"footnotes":""},"_links":{"self":[{"href":"https:\/\/www.perustn.com\/es\/wp-json\/wp\/v2\/pages\/2"}],"collection":[{"href":"https:\/\/www.perustn.com\/es\/wp-json\/wp\/v2\/pages"}],"about":[{"href":"https:\/\/www.perustn.com\/es\/wp-json\/wp\/v2\/types\/page"}],"author":[{"embeddable":true,"href":"https:\/\/www.perustn.com\/es\/wp-json\/wp\/v2\/users\/1"}],"replies":[{"embeddable":true,"href":"https:\/\/www.perustn.com\/es\/wp-json\/wp\/v2\/comments?post=2"}],"version-history":[{"count":40,"href":"https:\/\/www.perustn.com\/es\/wp-json\/wp\/v2\/pages\/2\/revisions"}],"predecessor-version":[{"id":607,"href":"https:\/\/www.perustn.com\/es\/wp-json\/wp\/v2\/pages\/2\/revisions\/607"}],"wp:featuredmedia":[{"embeddable":true,"href":"https:\/\/www.perustn.com\/es\/wp-json\/wp\/v2\/media\/317"}],"wp:attachment":[{"href":"https:\/\/www.perustn.com\/es\/wp-json\/wp\/v2\/media?parent=2"}],"curies":[{"name":"wp","href":"https:\/\/api.w.org\/{rel}","templated":true}]}}